{"id":481,"date":"2021-02-01T04:45:09","date_gmt":"2021-02-01T04:45:09","guid":{"rendered":"https:\/\/www.chicnbossa.es\/fanes\/about\/"},"modified":"2023-02-17T12:33:43","modified_gmt":"2023-02-17T12:33:43","slug":"nosotros","status":"publish","type":"page","link":"https:\/\/www.chicnbossa.es\/fanes\/nosotros\/","title":{"rendered":"nosotros"},"content":{"rendered":"\t\t<div data-elementor-type=\"wp-page\" data-elementor-id=\"481\" class=\"elementor elementor-481\">\n\t\t\t\t\t\t<section class=\"elementor-section elementor-top-section elementor-element elementor-element-9764818 elementor-section-boxed elementor-section-height-default elementor-section-height-default\" data-id=\"9764818\" data-element_type=\"section\" data-e-type=\"section\" data-settings=\"{&quot;background_background&quot;:&quot;classic&quot;}\">\n\t\t\t\t\t\t<div class=\"elementor-container elementor-column-gap-no\">\n\t\t\t\t\t<div class=\"elementor-column elementor-col-100 elementor-top-column elementor-element elementor-element-86bd09c\" data-id=\"86bd09c\" data-element_type=\"column\" data-e-type=\"column\">\n\t\t\t<div class=\"elementor-widget-wrap elementor-element-populated\">\n\t\t\t\t\t\t<div class=\"elementor-element elementor-element-ab70e13 elementor-widget-divider--view-line elementor-widget elementor-widget-divider\" data-id=\"ab70e13\" data-element_type=\"widget\" data-e-type=\"widget\" data-widget_type=\"divider.default\">\n\t\t\t\t<div class=\"elementor-widget-container\">\n\t\t\t\t\t\t\t<div class=\"elementor-divider\">\n\t\t\t<span class=\"elementor-divider-separator\">\n\t\t\t\t\t\t<\/span>\n\t\t<\/div>\n\t\t\t\t\t\t<\/div>\n\t\t\t\t<\/div>\n\t\t\t\t<div class=\"elementor-element elementor-element-674a70a elementor-widget elementor-widget-heading\" data-id=\"674a70a\" data-element_type=\"widget\" data-e-type=\"widget\" data-widget_type=\"heading.default\">\n\t\t\t\t<div class=\"elementor-widget-container\">\n\t\t\t\t\t<h1 class=\"elementor-heading-title elementor-size-default\">somos Fane's<\/h1>\t\t\t\t<\/div>\n\t\t\t\t<\/div>\n\t\t\t\t<div class=\"elementor-element elementor-element-88d412c elementor-widget elementor-widget-image\" data-id=\"88d412c\" data-element_type=\"widget\" data-e-type=\"widget\" data-widget_type=\"image.default\">\n\t\t\t\t<div class=\"elementor-widget-container\">\n\t\t\t\t\t\t\t\t\t\t\t\t\t\t\t<img decoding=\"async\" src=\"https:\/\/www.chicnbossa.es\/fanes\/wp-content\/uploads\/sites\/3\/2021\/01\/yellow-diamond-shape.svg\" class=\"attachment-full size-full wp-image-1398\" alt=\"\" \/>\t\t\t\t\t\t\t\t\t\t\t\t\t\t\t<\/div>\n\t\t\t\t<\/div>\n\t\t\t\t\t<\/div>\n\t\t<\/div>\n\t\t\t\t\t<\/div>\n\t\t<\/section>\n\t\t\t\t<section class=\"elementor-section elementor-top-section elementor-element elementor-element-6daf79f elementor-section-boxed elementor-section-height-default elementor-section-height-default\" data-id=\"6daf79f\" data-element_type=\"section\" data-e-type=\"section\" data-settings=\"{&quot;background_background&quot;:&quot;classic&quot;}\">\n\t\t\t\t\t\t<div class=\"elementor-container elementor-column-gap-no\">\n\t\t\t\t\t<div class=\"elementor-column elementor-col-50 elementor-top-column elementor-element elementor-element-a60061d\" data-id=\"a60061d\" data-element_type=\"column\" data-e-type=\"column\">\n\t\t\t<div class=\"elementor-widget-wrap elementor-element-populated\">\n\t\t\t\t\t\t<div class=\"elementor-element elementor-element-d398463 elementor-widget elementor-widget-heading\" data-id=\"d398463\" data-element_type=\"widget\" data-e-type=\"widget\" data-widget_type=\"heading.default\">\n\t\t\t\t<div class=\"elementor-widget-container\">\n\t\t\t\t\t<h5 class=\"elementor-heading-title elementor-size-default\">desde 2010<\/h5>\t\t\t\t<\/div>\n\t\t\t\t<\/div>\n\t\t\t\t<div class=\"elementor-element elementor-element-ad15c7b elementor-widget elementor-widget-heading\" data-id=\"ad15c7b\" data-element_type=\"widget\" data-e-type=\"widget\" data-widget_type=\"heading.default\">\n\t\t\t\t<div class=\"elementor-widget-container\">\n\t\t\t\t\t<h2 class=\"elementor-heading-title elementor-size-default\">Fanes es una empresa joven y atrevida que ofrece joyas con un toque divertido y lleno de emoci\u00f3n.<\/h2>\t\t\t\t<\/div>\n\t\t\t\t<\/div>\n\t\t\t\t<div class=\"elementor-element elementor-element-ddcce07 elementor-widget-mobile__width-initial elementor-widget elementor-widget-image\" data-id=\"ddcce07\" data-element_type=\"widget\" data-e-type=\"widget\" data-widget_type=\"image.default\">\n\t\t\t\t<div class=\"elementor-widget-container\">\n\t\t\t\t\t\t\t\t\t\t\t\t\t\t\t<img fetchpriority=\"high\" decoding=\"async\" width=\"800\" height=\"800\" src=\"https:\/\/www.chicnbossa.es\/fanes\/wp-content\/uploads\/sites\/3\/2023\/02\/prod_llok.jpg\" class=\"attachment-full size-full wp-image-1641\" alt=\"\" srcset=\"https:\/\/www.chicnbossa.es\/fanes\/wp-content\/uploads\/sites\/3\/2023\/02\/prod_llok.jpg 800w, https:\/\/www.chicnbossa.es\/fanes\/wp-content\/uploads\/sites\/3\/2023\/02\/prod_llok-300x300.jpg 300w, https:\/\/www.chicnbossa.es\/fanes\/wp-content\/uploads\/sites\/3\/2023\/02\/prod_llok-150x150.jpg 150w, https:\/\/www.chicnbossa.es\/fanes\/wp-content\/uploads\/sites\/3\/2023\/02\/prod_llok-768x768.jpg 768w\" sizes=\"(max-width: 800px) 100vw, 800px\" \/>\t\t\t\t\t\t\t\t\t\t\t\t\t\t\t<\/div>\n\t\t\t\t<\/div>\n\t\t\t\t\t<\/div>\n\t\t<\/div>\n\t\t\t\t<div class=\"elementor-column elementor-col-50 elementor-top-column elementor-element elementor-element-6e4f31f\" data-id=\"6e4f31f\" data-element_type=\"column\" data-e-type=\"column\">\n\t\t\t<div class=\"elementor-widget-wrap elementor-element-populated\">\n\t\t\t\t\t\t<section class=\"elementor-section elementor-inner-section elementor-element elementor-element-e48dc72 elementor-section-boxed elementor-section-height-default elementor-section-height-default\" data-id=\"e48dc72\" data-element_type=\"section\" data-e-type=\"section\">\n\t\t\t\t\t\t<div class=\"elementor-container elementor-column-gap-no\">\n\t\t\t\t\t<div class=\"elementor-column elementor-col-100 elementor-inner-column elementor-element elementor-element-d770945\" data-id=\"d770945\" data-element_type=\"column\" data-e-type=\"column\">\n\t\t\t<div class=\"elementor-widget-wrap elementor-element-populated\">\n\t\t\t\t\t\t<div class=\"elementor-element elementor-element-74a8568 elementor-widget elementor-widget-text-editor\" data-id=\"74a8568\" data-element_type=\"widget\" data-e-type=\"widget\" data-widget_type=\"text-editor.default\">\n\t\t\t\t<div class=\"elementor-widget-container\">\n\t\t\t\t\t\t\t\t\t<p>Con un enfoque en la innovaci\u00f3n,\u00a0 buscamos romper con los est\u00e1ndares tradicionales de la joyer\u00eda y ofrecer piezas \u00fanicas y asequibles para todas las mujeres.<\/p>\t\t\t\t\t\t\t\t<\/div>\n\t\t\t\t<\/div>\n\t\t\t\t<div class=\"elementor-element elementor-element-6fc2d59 elementor-widget elementor-widget-text-editor\" data-id=\"6fc2d59\" data-element_type=\"widget\" data-e-type=\"widget\" data-widget_type=\"text-editor.default\">\n\t\t\t\t<div class=\"elementor-widget-container\">\n\t\t\t\t\t\t\t\t\t<p>Trabajamos con materiales de alta calidad y t\u00e9cnicas innovadoras para garantizar la durabilidad y la elegancia de nuestros productos. Adem\u00e1s, nuestro equipo de dise\u00f1adores est\u00e1 constantemente investigando nuevas tendencias y formas de incorporarlas a sus dise\u00f1os.<\/p>\t\t\t\t\t\t\t\t<\/div>\n\t\t\t\t<\/div>\n\t\t\t\t<div class=\"elementor-element elementor-element-5d21208 elementor-widget elementor-widget-button\" data-id=\"5d21208\" data-element_type=\"widget\" data-e-type=\"widget\" data-widget_type=\"button.default\">\n\t\t\t\t<div class=\"elementor-widget-container\">\n\t\t\t\t\t\t\t\t\t<div class=\"elementor-button-wrapper\">\n\t\t\t\t\t<a class=\"elementor-button elementor-button-link elementor-size-sm\" href=\"https:\/\/www.chicnbossa.es\/fanes\/coleccion\/\">\n\t\t\t\t\t\t<span class=\"elementor-button-content-wrapper\">\n\t\t\t\t\t\t\t\t\t<span class=\"elementor-button-text\">colecci\u00f3n<\/span>\n\t\t\t\t\t<\/span>\n\t\t\t\t\t<\/a>\n\t\t\t\t<\/div>\n\t\t\t\t\t\t\t\t<\/div>\n\t\t\t\t<\/div>\n\t\t\t\t\t<\/div>\n\t\t<\/div>\n\t\t\t\t\t<\/div>\n\t\t<\/section>\n\t\t\t\t\t<\/div>\n\t\t<\/div>\n\t\t\t\t\t<\/div>\n\t\t<\/section>\n\t\t\t\t<section class=\"elementor-section elementor-top-section elementor-element elementor-element-8e2b983 elementor-section-boxed elementor-section-height-default elementor-section-height-default\" data-id=\"8e2b983\" data-element_type=\"section\" data-e-type=\"section\" data-settings=\"{&quot;background_background&quot;:&quot;classic&quot;}\">\n\t\t\t\t\t\t<div class=\"elementor-container elementor-column-gap-no\">\n\t\t\t\t\t<div class=\"elementor-column elementor-col-100 elementor-top-column elementor-element elementor-element-beb5513\" data-id=\"beb5513\" data-element_type=\"column\" data-e-type=\"column\">\n\t\t\t<div class=\"elementor-widget-wrap elementor-element-populated\">\n\t\t\t\t\t\t<section class=\"elementor-section elementor-inner-section elementor-element elementor-element-3281ce2 elementor-section-boxed elementor-section-height-default elementor-section-height-default\" data-id=\"3281ce2\" data-element_type=\"section\" data-e-type=\"section\">\n\t\t\t\t\t\t<div class=\"elementor-container elementor-column-gap-default\">\n\t\t\t\t\t<div class=\"elementor-column elementor-col-33 elementor-inner-column elementor-element elementor-element-7f08059\" data-id=\"7f08059\" data-element_type=\"column\" data-e-type=\"column\">\n\t\t\t<div class=\"elementor-widget-wrap elementor-element-populated\">\n\t\t\t\t\t\t<div class=\"elementor-element elementor-element-f910991 elementor-widget elementor-widget-heading\" data-id=\"f910991\" data-element_type=\"widget\" data-e-type=\"widget\" data-widget_type=\"heading.default\">\n\t\t\t\t<div class=\"elementor-widget-container\">\n\t\t\t\t\t<h4 class=\"elementor-heading-title elementor-size-default\">innovadora<\/h4>\t\t\t\t<\/div>\n\t\t\t\t<\/div>\n\t\t\t\t<div class=\"elementor-element elementor-element-63e941c elementor-widget elementor-widget-text-editor\" data-id=\"63e941c\" data-element_type=\"widget\" data-e-type=\"widget\" data-widget_type=\"text-editor.default\">\n\t\t\t\t<div class=\"elementor-widget-container\">\n\t\t\t\t\t\t\t\t\t<p>Desde su creaci\u00f3n, Fanes ha demostrado una gran habilidad para combinar t\u00e9cnicas innovadoras con materiales de alta calidad para crear piezas vanguardistas. Est\u00e1 constantemente investigando nuevas tendencias y formas de incorporarlas en sus dise\u00f1os, lo que permite mantenerse a la vanguardia en un mercado en constante evoluci\u00f3n, para\u00a0romper con los est\u00e1ndares tradicionales de la joyer\u00eda y ofrecer piezas \u00fanicas y asequibles para todas las edades.<\/p>\t\t\t\t\t\t\t\t<\/div>\n\t\t\t\t<\/div>\n\t\t\t\t\t<\/div>\n\t\t<\/div>\n\t\t\t\t<div class=\"elementor-column elementor-col-33 elementor-inner-column elementor-element elementor-element-b01eec5\" data-id=\"b01eec5\" data-element_type=\"column\" data-e-type=\"column\">\n\t\t\t<div class=\"elementor-widget-wrap elementor-element-populated\">\n\t\t\t\t\t\t<div class=\"elementor-element elementor-element-c5012c2 elementor-widget elementor-widget-heading\" data-id=\"c5012c2\" data-element_type=\"widget\" data-e-type=\"widget\" data-widget_type=\"heading.default\">\n\t\t\t\t<div class=\"elementor-widget-container\">\n\t\t\t\t\t<h4 class=\"elementor-heading-title elementor-size-default\">atrevida<\/h4>\t\t\t\t<\/div>\n\t\t\t\t<\/div>\n\t\t\t\t<div class=\"elementor-element elementor-element-b99b5a6 elementor-widget elementor-widget-text-editor\" data-id=\"b99b5a6\" data-element_type=\"widget\" data-e-type=\"widget\" data-widget_type=\"text-editor.default\">\n\t\t\t\t<div class=\"elementor-widget-container\">\n\t\t\t\t\t\t\t\t\t<p>\u00a1Atr\u00e9vete con Fane&#8217;s!<\/p>\t\t\t\t\t\t\t\t<\/div>\n\t\t\t\t<\/div>\n\t\t\t\t<div class=\"elementor-element elementor-element-c3abff6 elementor-widget elementor-widget-text-editor\" data-id=\"c3abff6\" data-element_type=\"widget\" data-e-type=\"widget\" data-widget_type=\"text-editor.default\">\n\t\t\t\t<div class=\"elementor-widget-container\">\n\t\t\t\t\t\t\t\t\t<p>Fanes es perfecta para aquellos que buscan algo m\u00e1s que un simple accesorio. Con una amplia variedad de estilos y dise\u00f1os, Fanes ofrece piezas atrevidas y divertidas para aquellos que quieren hacer una declaraci\u00f3n y ser diferentes. Ya sea que est\u00e9s buscando un regalo para alguien especial o simplemente quieras agregar un toque de osad\u00eda a tu d\u00eda a d\u00eda, Fanes es la marca perfecta para ti. \u00a1S\u00e9 atrevido y haz una declaraci\u00f3n con Fanes!<\/p>\t\t\t\t\t\t\t\t<\/div>\n\t\t\t\t<\/div>\n\t\t\t\t\t<\/div>\n\t\t<\/div>\n\t\t\t\t<div class=\"elementor-column elementor-col-33 elementor-inner-column elementor-element elementor-element-a5f0cb4\" data-id=\"a5f0cb4\" data-element_type=\"column\" data-e-type=\"column\">\n\t\t\t<div class=\"elementor-widget-wrap elementor-element-populated\">\n\t\t\t\t\t\t<div class=\"elementor-element elementor-element-c5f00b4 elementor-widget elementor-widget-heading\" data-id=\"c5f00b4\" data-element_type=\"widget\" data-e-type=\"widget\" data-widget_type=\"heading.default\">\n\t\t\t\t<div class=\"elementor-widget-container\">\n\t\t\t\t\t<h4 class=\"elementor-heading-title elementor-size-default\">natural<\/h4>\t\t\t\t<\/div>\n\t\t\t\t<\/div>\n\t\t\t\t<div class=\"elementor-element elementor-element-55236a6 elementor-widget elementor-widget-text-editor\" data-id=\"55236a6\" data-element_type=\"widget\" data-e-type=\"widget\" data-widget_type=\"text-editor.default\">\n\t\t\t\t<div class=\"elementor-widget-container\">\n\t\t\t\t\t\t\t\t\t<p>Fanes esta comprometida con la preservaci\u00f3n del medio ambiente y la sostenibilidad. Con un enfoque en el uso de materiales naturales y t\u00e9cnicas respetuosas, la marca busca ofrecer joyas \u00fanicas y asequibles sin comprometer el planeta.\u00a0 Trabajamos para minimizar nuestro impacto ambiental y garantizar que nuestras pr\u00e1cticas y productos sean amigables con el medio ambiente, utilizando materiales naturales como la madera, el \u00e1gata y el cuarzo para crear nuestras\u00a0 joyas. Con Fanes, puedes lucir fabulosa y al mismo tiempo ser amigable con el medio ambiente.\u00a0<\/p>\t\t\t\t\t\t\t\t<\/div>\n\t\t\t\t<\/div>\n\t\t\t\t\t<\/div>\n\t\t<\/div>\n\t\t\t\t\t<\/div>\n\t\t<\/section>\n\t\t\t\t\t<\/div>\n\t\t<\/div>\n\t\t\t\t\t<\/div>\n\t\t<\/section>\n\t\t\t\t<section class=\"elementor-section elementor-top-section elementor-element elementor-element-c5cdc2c elementor-section-boxed elementor-section-height-default elementor-section-height-default\" data-id=\"c5cdc2c\" data-element_type=\"section\" data-e-type=\"section\" data-settings=\"{&quot;background_background&quot;:&quot;classic&quot;}\">\n\t\t\t\t\t\t<div class=\"elementor-container elementor-column-gap-no\">\n\t\t\t\t\t<div class=\"elementor-column elementor-col-100 elementor-top-column elementor-element elementor-element-97bbc72\" data-id=\"97bbc72\" data-element_type=\"column\" data-e-type=\"column\" data-settings=\"{&quot;background_background&quot;:&quot;classic&quot;}\">\n\t\t\t<div class=\"elementor-widget-wrap elementor-element-populated\">\n\t\t\t\t\t\t<section class=\"elementor-section elementor-inner-section elementor-element elementor-element-0de0444 elementor-section-boxed elementor-section-height-default elementor-section-height-default\" data-id=\"0de0444\" data-element_type=\"section\" data-e-type=\"section\">\n\t\t\t\t\t\t<div class=\"elementor-container elementor-column-gap-no\">\n\t\t\t\t\t<div class=\"elementor-column elementor-col-100 elementor-inner-column elementor-element elementor-element-259f435\" data-id=\"259f435\" data-element_type=\"column\" data-e-type=\"column\">\n\t\t\t<div class=\"elementor-widget-wrap elementor-element-populated\">\n\t\t\t\t\t\t<div class=\"elementor-element elementor-element-7814392 elementor-widget elementor-widget-heading\" data-id=\"7814392\" data-element_type=\"widget\" data-e-type=\"widget\" data-widget_type=\"heading.default\">\n\t\t\t\t<div class=\"elementor-widget-container\">\n\t\t\t\t\t<h2 class=\"elementor-heading-title elementor-size-default\">\u00bfc\u00f3mo te gusta ser?<\/h2>\t\t\t\t<\/div>\n\t\t\t\t<\/div>\n\t\t\t\t\t<\/div>\n\t\t<\/div>\n\t\t\t\t\t<\/div>\n\t\t<\/section>\n\t\t\t\t<section class=\"elementor-section elementor-inner-section elementor-element elementor-element-da0f8c6 elementor-section-boxed elementor-section-height-default elementor-section-height-default\" data-id=\"da0f8c6\" data-element_type=\"section\" data-e-type=\"section\">\n\t\t\t\t\t\t<div class=\"elementor-container elementor-column-gap-no\">\n\t\t\t\t\t<div class=\"elementor-column elementor-col-50 elementor-inner-column elementor-element elementor-element-06853ac\" data-id=\"06853ac\" data-element_type=\"column\" data-e-type=\"column\" data-settings=\"{&quot;background_background&quot;:&quot;classic&quot;}\">\n\t\t\t<div class=\"elementor-widget-wrap elementor-element-populated\">\n\t\t\t\t\t\t<div class=\"elementor-element elementor-element-e169d07 elementor-position-left elementor-vertical-align-top elementor-widget elementor-widget-image-box\" data-id=\"e169d07\" data-element_type=\"widget\" data-e-type=\"widget\" data-widget_type=\"image-box.default\">\n\t\t\t\t<div class=\"elementor-widget-container\">\n\t\t\t\t\t<div class=\"elementor-image-box-wrapper\"><figure class=\"elementor-image-box-img\"><img decoding=\"async\" width=\"1000\" height=\"1000\" src=\"https:\/\/www.chicnbossa.es\/fanes\/wp-content\/uploads\/sites\/3\/2023\/02\/g3.jpg\" class=\"attachment-full size-full wp-image-1441\" alt=\"\" srcset=\"https:\/\/www.chicnbossa.es\/fanes\/wp-content\/uploads\/sites\/3\/2023\/02\/g3.jpg 1000w, https:\/\/www.chicnbossa.es\/fanes\/wp-content\/uploads\/sites\/3\/2023\/02\/g3-300x300.jpg 300w, https:\/\/www.chicnbossa.es\/fanes\/wp-content\/uploads\/sites\/3\/2023\/02\/g3-150x150.jpg 150w, https:\/\/www.chicnbossa.es\/fanes\/wp-content\/uploads\/sites\/3\/2023\/02\/g3-768x768.jpg 768w\" sizes=\"(max-width: 1000px) 100vw, 1000px\" \/><\/figure><div class=\"elementor-image-box-content\"><div class=\"elementor-image-box-title\">\u201cFanes es m\u00e1s que una marca de joyas, es una experiencia emocionante para aquellos que buscan expresarse a trav\u00e9s de la moda. Express yourself!\u201d<\/div><p class=\"elementor-image-box-description\">by chic<\/p><\/div><\/div>\t\t\t\t<\/div>\n\t\t\t\t<\/div>\n\t\t\t\t\t<\/div>\n\t\t<\/div>\n\t\t\t\t<div class=\"elementor-column elementor-col-50 elementor-inner-column elementor-element elementor-element-6970751\" data-id=\"6970751\" data-element_type=\"column\" data-e-type=\"column\">\n\t\t\t<div class=\"elementor-widget-wrap elementor-element-populated\">\n\t\t\t\t\t\t<div class=\"elementor-element elementor-element-1103973 elementor-position-left elementor-vertical-align-top elementor-widget elementor-widget-image-box\" data-id=\"1103973\" data-element_type=\"widget\" data-e-type=\"widget\" data-widget_type=\"image-box.default\">\n\t\t\t\t<div class=\"elementor-widget-container\">\n\t\t\t\t\t<div class=\"elementor-image-box-wrapper\"><figure class=\"elementor-image-box-img\"><img decoding=\"async\" width=\"1080\" height=\"1078\" src=\"https:\/\/www.chicnbossa.es\/fanes\/wp-content\/uploads\/sites\/3\/2023\/02\/g5.jpg\" class=\"attachment-full size-full wp-image-1503\" alt=\"\" srcset=\"https:\/\/www.chicnbossa.es\/fanes\/wp-content\/uploads\/sites\/3\/2023\/02\/g5.jpg 1080w, https:\/\/www.chicnbossa.es\/fanes\/wp-content\/uploads\/sites\/3\/2023\/02\/g5-300x300.jpg 300w, https:\/\/www.chicnbossa.es\/fanes\/wp-content\/uploads\/sites\/3\/2023\/02\/g5-1024x1022.jpg 1024w, https:\/\/www.chicnbossa.es\/fanes\/wp-content\/uploads\/sites\/3\/2023\/02\/g5-150x150.jpg 150w, https:\/\/www.chicnbossa.es\/fanes\/wp-content\/uploads\/sites\/3\/2023\/02\/g5-768x767.jpg 768w\" sizes=\"(max-width: 1080px) 100vw, 1080px\" \/><\/figure><div class=\"elementor-image-box-content\"><div class=\"elementor-image-box-title\">\u201cCon una amplia variedad de estilos y dise\u00f1os, la marca ofrece algo para todos, desde piezas minimalistas hasta joyas extravagantes y llenas de detalles.\u201d<\/div><p class=\"elementor-image-box-description\">by chic<\/p><\/div><\/div>\t\t\t\t<\/div>\n\t\t\t\t<\/div>\n\t\t\t\t\t<\/div>\n\t\t<\/div>\n\t\t\t\t\t<\/div>\n\t\t<\/section>\n\t\t\t\t\t<\/div>\n\t\t<\/div>\n\t\t\t\t\t<\/div>\n\t\t<\/section>\n\t\t\t\t<\/div>\n\t\t","protected":false},"excerpt":{"rendered":"<p>somos Fane&#8217;s desde 2010 Fanes es una empresa joven y atrevida que ofrece joyas con un toque divertido y lleno de emoci\u00f3n. Con un enfoque en la innovaci\u00f3n,\u00a0 buscamos romper con los est\u00e1ndares tradicionales de la joyer\u00eda y ofrecer piezas \u00fanicas y asequibles para todas las mujeres. Trabajamos con materiales de alta calidad y t\u00e9cnicas [&hellip;]<\/p>\n","protected":false},"author":1,"featured_media":0,"parent":0,"menu_order":0,"comment_status":"closed","ping_status":"closed","template":"","meta":{"site-sidebar-layout":"no-sidebar","site-content-layout":"page-builder","ast-site-content-layout":"default","site-content-style":"default","site-sidebar-style":"default","ast-global-header-display":"","ast-banner-title-visibility":"","ast-main-header-display":"","ast-hfb-above-header-display":"","ast-hfb-below-header-display":"","ast-hfb-mobile-header-display":"","site-post-title":"disabled","ast-breadcrumbs-content":"disabled","ast-featured-img":"disabled","footer-sml-layout":"","ast-disable-related-posts":"","theme-transparent-header-meta":"enabled","adv-header-id-meta":"","stick-header-meta":"","header-above-stick-meta":"","header-main-stick-meta":"","header-below-stick-meta":"","astra-migrate-meta-layouts":"default","ast-page-background-enabled":"default","ast-page-background-meta":{"desktop":{"background-color":"","background-image":"","background-repeat":"repeat","background-position":"center center","background-size":"auto","background-attachment":"scroll","background-type":"","background-media":"","overlay-type":"","overlay-color":"","overlay-opacity":"","overlay-gradient":""},"tablet":{"background-color":"","background-image":"","background-repeat":"repeat","background-position":"center center","background-size":"auto","background-attachment":"scroll","background-type":"","background-media":"","overlay-type":"","overlay-color":"","overlay-opacity":"","overlay-gradient":""},"mobile":{"background-color":"","background-image":"","background-repeat":"repeat","background-position":"center center","background-size":"auto","background-attachment":"scroll","background-type":"","background-media":"","overlay-type":"","overlay-color":"","overlay-opacity":"","overlay-gradient":""}},"ast-content-background-meta":{"desktop":{"background-color":"var(--ast-global-color-5)","background-image":"","background-repeat":"repeat","background-position":"center center","background-size":"auto","background-attachment":"scroll","background-type":"","background-media":"","overlay-type":"","overlay-color":"","overlay-opacity":"","overlay-gradient":""},"tablet":{"background-color":"var(--ast-global-color-5)","background-image":"","background-repeat":"repeat","background-position":"center center","background-size":"auto","background-attachment":"scroll","background-type":"","background-media":"","overlay-type":"","overlay-color":"","overlay-opacity":"","overlay-gradient":""},"mobile":{"background-color":"var(--ast-global-color-5)","background-image":"","background-repeat":"repeat","background-position":"center center","background-size":"auto","background-attachment":"scroll","background-type":"","background-media":"","overlay-type":"","overlay-color":"","overlay-opacity":"","overlay-gradient":""}},"footnotes":""},"class_list":["post-481","page","type-page","status-publish","hentry"],"_links":{"self":[{"href":"https:\/\/www.chicnbossa.es\/fanes\/wp-json\/wp\/v2\/pages\/481","targetHints":{"allow":["GET"]}}],"collection":[{"href":"https:\/\/www.chicnbossa.es\/fanes\/wp-json\/wp\/v2\/pages"}],"about":[{"href":"https:\/\/www.chicnbossa.es\/fanes\/wp-json\/wp\/v2\/types\/page"}],"author":[{"embeddable":true,"href":"https:\/\/www.chicnbossa.es\/fanes\/wp-json\/wp\/v2\/users\/1"}],"replies":[{"embeddable":true,"href":"https:\/\/www.chicnbossa.es\/fanes\/wp-json\/wp\/v2\/comments?post=481"}],"version-history":[{"count":21,"href":"https:\/\/www.chicnbossa.es\/fanes\/wp-json\/wp\/v2\/pages\/481\/revisions"}],"predecessor-version":[{"id":2152,"href":"https:\/\/www.chicnbossa.es\/fanes\/wp-json\/wp\/v2\/pages\/481\/revisions\/2152"}],"wp:attachment":[{"href":"https:\/\/www.chicnbossa.es\/fanes\/wp-json\/wp\/v2\/media?parent=481"}],"curies":[{"name":"wp","href":"https:\/\/api.w.org\/{rel}","templated":true}]}}